{"id":4670,"date":"2019-10-24T08:31:31","date_gmt":"2019-10-24T13:31:31","guid":{"rendered":"http:\/\/lennoxvilleyouthcenter.org\/?page_id=4670"},"modified":"2023-04-03T19:13:34","modified_gmt":"2023-04-04T00:13:34","slug":"main","status":"publish","type":"page","link":"https:\/\/lennoxvilleyouthcenter.org\/fr\/main\/","title":{"rendered":"Bienvenue au CJL!"},"content":{"rendered":"\n<p>Le Centre des Jeunes Lennoxville est une association de jeunes et d&rsquo;adultes qui ont pour mission d&rsquo;entretenir un endroit ou les adolescents \u00e2g\u00e9s entre 12 et 17 peuvent avoir des contacts de qualit\u00e9 avec des adultes, afin de devenir des citoyens actifs, critiques, responsables.<\/p>\n<p>Veuillez pardonner le d\u00e9sordre:<br \/>Nous travaillons \u00e0 la revitalisation de notre site Web. En attendant, pour les derni\u00e8res informations, les heures d&rsquo;animation et les \u00e9v\u00e9nements, veuillez nous suivre sur <a href=\"https:\/\/www.facebook.com\/Lennyouthcentre\/\" target=\"_blank\" rel=\"noopener noreferrer\">Facebook @LennYouthCentre.<\/a><\/p>\n<p>Contacter:<br \/>\u260e\ufe0f 819-821-4805<br \/>\ud83d\udcec\u00a0 dg@lennoxvilleyouthcenter.org<\/p>\n","protected":false},"excerpt":{"rendered":"<p>Le Centre des Jeunes Lennoxville est une association de jeunes et d&rsquo;adultes qui ont pour mission d&rsquo;entretenir un endroit ou les adolescents \u00e2g\u00e9s entre 12 et 17 peuvent avoir des contacts de qualit\u00e9 avec des adultes, afin de devenir des citoyens actifs, critiques, responsables. Veuillez pardonner le d\u00e9sordre:Nous travaillons \u00e0 la revitalisation de notre site&hellip;<\/p>\n","protected":false},"author":1,"featured_media":0,"parent":0,"menu_order":0,"comment_status":"closed","ping_status":"closed","template":"","meta":{"ngg_post_thumbnail":0,"footnotes":""},"class_list":["post-4670","page","type-page","status-publish","hentry","description-off"],"_links":{"self":[{"href":"https:\/\/lennoxvilleyouthcenter.org\/fr\/wp-json\/wp\/v2\/pages\/4670","targetHints":{"allow":["GET"]}}],"collection":[{"href":"https:\/\/lennoxvilleyouthcenter.org\/fr\/wp-json\/wp\/v2\/pages"}],"about":[{"href":"https:\/\/lennoxvilleyouthcenter.org\/fr\/wp-json\/wp\/v2\/types\/page"}],"author":[{"embeddable":true,"href":"https:\/\/lennoxvilleyouthcenter.org\/fr\/wp-json\/wp\/v2\/users\/1"}],"replies":[{"embeddable":true,"href":"https:\/\/lennoxvilleyouthcenter.org\/fr\/wp-json\/wp\/v2\/comments?post=4670"}],"version-history":[{"count":1,"href":"https:\/\/lennoxvilleyouthcenter.org\/fr\/wp-json\/wp\/v2\/pages\/4670\/revisions"}],"predecessor-version":[{"id":5444,"href":"https:\/\/lennoxvilleyouthcenter.org\/fr\/wp-json\/wp\/v2\/pages\/4670\/revisions\/5444"}],"wp:attachment":[{"href":"https:\/\/lennoxvilleyouthcenter.org\/fr\/wp-json\/wp\/v2\/media?parent=4670"}],"curies":[{"name":"wp","href":"https:\/\/api.w.org\/{rel}","templated":true}]}}