{"id":5266,"date":"2021-06-20T16:00:34","date_gmt":"2021-06-20T21:00:34","guid":{"rendered":"https:\/\/lennoxvilleyouthcenter.org\/?page_id=5266"},"modified":"2023-04-03T19:13:34","modified_gmt":"2023-04-04T00:13:34","slug":"ressources","status":"publish","type":"page","link":"https:\/\/lennoxvilleyouthcenter.org\/fr\/ressources\/","title":{"rendered":"Ressources"},"content":{"rendered":"\n<p>Le Centre des jeunes Lennoxville offre \u00e0 ses membres de nombreuses ressources \u00e9ducatives et informatives. Ces ressources sont disponibles gratuitement et couvrent des sujets, y compris, mais sans s&rsquo;y limiter: les possibilit\u00e9s d&#8217;emploi, les drogues et l&rsquo;alcool, l&rsquo;orientation et l&rsquo;identit\u00e9 sexuelle, la violence, STI, l&rsquo;alphab\u00e9tisation et l&rsquo;intimidation.<\/p>\n\n\n\n<p>Il y a aussi de bonnes ressources disponibles sur l&rsquo;internet:<\/p>\n\n\n\n<p><a href=\"http:\/\/teenshealth.org\/teen\/\" target=\"_blank\" rel=\"noreferrer noopener\">http:\/\/teenshealth.org\/teen\/<\/a><br><a href=\"http:\/\/bullying.org\/\" target=\"_blank\" rel=\"noreferrer noopener\">http:\/\/bullying.org\/<\/a><br><a href=\"http:\/\/www.twloha.com\/vision\/\" target=\"_blank\" rel=\"noreferrer noopener\">http:\/\/www.twloha.com\/vision\/<\/a><br><a href=\"http:\/\/emploietudiant.qc.ca\/fr\/accueil.asp\" target=\"_blank\" rel=\"noreferrer noopener\">http:\/\/emploietudiant.qc.ca\/fr\/accueil.asp<\/a><br><a href=\"http:\/\/jevi.qc.ca\/\" target=\"_blank\" rel=\"noreferrer noopener\">http:\/\/jevi.qc.ca\/<\/a><br><a href=\"http:\/\/www.gaiecoute.org\/\" target=\"_blank\" rel=\"noreferrer noopener\">http:\/\/www.gaiecoute.org\/<\/a><\/p>\n\n\n","protected":false},"excerpt":{"rendered":"<p>Le Centre des jeunes Lennoxville offre \u00e0 ses membres de nombreuses ressources \u00e9ducatives et informatives. Ces ressources sont disponibles gratuitement et couvrent des sujets, y compris, mais sans s&rsquo;y limiter: les possibilit\u00e9s d&#8217;emploi, les drogues et l&rsquo;alcool, l&rsquo;orientation et l&rsquo;identit\u00e9 sexuelle, la violence, STI, l&rsquo;alphab\u00e9tisation et l&rsquo;intimidation. Il y a aussi de bonnes ressources disponibles&hellip;<\/p>\n","protected":false},"author":1,"featured_media":0,"parent":0,"menu_order":0,"comment_status":"closed","ping_status":"open","template":"","meta":{"ngg_post_thumbnail":0,"footnotes":""},"class_list":["post-5266","page","type-page","status-publish","hentry","description-off"],"_links":{"self":[{"href":"https:\/\/lennoxvilleyouthcenter.org\/fr\/wp-json\/wp\/v2\/pages\/5266","targetHints":{"allow":["GET"]}}],"collection":[{"href":"https:\/\/lennoxvilleyouthcenter.org\/fr\/wp-json\/wp\/v2\/pages"}],"about":[{"href":"https:\/\/lennoxvilleyouthcenter.org\/fr\/wp-json\/wp\/v2\/types\/page"}],"author":[{"embeddable":true,"href":"https:\/\/lennoxvilleyouthcenter.org\/fr\/wp-json\/wp\/v2\/users\/1"}],"replies":[{"embeddable":true,"href":"https:\/\/lennoxvilleyouthcenter.org\/fr\/wp-json\/wp\/v2\/comments?post=5266"}],"version-history":[{"count":1,"href":"https:\/\/lennoxvilleyouthcenter.org\/fr\/wp-json\/wp\/v2\/pages\/5266\/revisions"}],"predecessor-version":[{"id":5454,"href":"https:\/\/lennoxvilleyouthcenter.org\/fr\/wp-json\/wp\/v2\/pages\/5266\/revisions\/5454"}],"wp:attachment":[{"href":"https:\/\/lennoxvilleyouthcenter.org\/fr\/wp-json\/wp\/v2\/media?parent=5266"}],"curies":[{"name":"wp","href":"https:\/\/api.w.org\/{rel}","templated":true}]}}