{"id":5928,"date":"2023-05-31T13:22:27","date_gmt":"2023-05-31T18:22:27","guid":{"rendered":"https:\/\/lennoxvilleyouthcenter.org\/history\/"},"modified":"2025-04-17T21:02:37","modified_gmt":"2025-04-18T02:02:37","slug":"histoire","status":"publish","type":"page","link":"https:\/\/lennoxvilleyouthcenter.org\/fr\/histoire\/","title":{"rendered":"Histoire"},"content":{"rendered":"<div class=\"wpb-content-wrapper\"><p>[vc_row][vc_column width=\u00a0\u00bb2\/3&Prime;][vc_column_text css=\u00a0\u00bb\u00a0\u00bb]<\/p>\n<h3>Le Centre des jeunes de Lennoxville \u2013 Un bref historique<\/h3>\n<p>Le Centre des jeunes de Lennoxville est un organisme de bienfaisance \u00e0 but non lucratif dont l\u2019objectif principal est de r\u00e9pondre aux besoins des jeunes de notre communaut\u00e9. Notre mission est d\u2019encourager ces jeunes \u00e0 devenir des citoyens critiques, actifs et responsables, en facilitant leur d\u00e9veloppement au sein d\u2019un environnement s\u00e9curitaire, dynamique et structur\u00e9. Ils y participent \u00e0 des activit\u00e9s qu\u2019ils ont eux-m\u00eames choisies et organis\u00e9es. Nous souhaitons ainsi favoriser chez eux un sentiment de responsabilit\u00e9, d\u2019autonomie et d\u2019accomplissement.<\/p>\n<p>Le Centre a vu le jour en 1986 et nos objectifs fondamentaux demeurent largement les m\u00eames aujourd\u2019hui : d\u00e9velopper un esprit de communaut\u00e9 chez nos jeunes, faciliter l\u2019apprentissage de la vie d\u00e9mocratique, encourager l\u2019autonomie et le leadership, mieux les outiller pour leur parcours de vie et renforcer leur capacit\u00e9 \u00e0 cr\u00e9er et maintenir des relations interpersonnelles.<\/p>\n<p>Nous visons \u00e9galement \u00e0 soutenir et motiver nos jeunes membres \u00e0 prendre en main leur avenir en faisant des choix responsables concernant leurs relations amoureuses, leur consommation de drogues ou d\u2019alcool, leur \u00e9ducation et leur emploi, etc. Le Centre des jeunes de Lennoxville continue d\u2019enrichir l\u2019\u00e9ducation de nos jeunes en offrant des s\u00e9ances d\u2019information sur des sujets li\u00e9s \u00e0 l\u2019adolescence. De plus, notre Centre dispose d\u2019une multitude de ressources pour les accompagner face aux difficult\u00e9s qu\u2019ils peuvent rencontrer durant cette p\u00e9riode de leur vie. En maintenant leur int\u00e9r\u00eat et leur motivation par des moyens positifs et productifs, nous nous assurons qu\u2019ils restent sur la bonne voie et ne se retrouvent pas \u00e0 la rue.<\/p>\n<p>Le Centre fait un effort consid\u00e9rable pour rejoindre les jeunes de notre communaut\u00e9 qui sont souvent oubli\u00e9s, car ils repr\u00e9sentent une petite partie de la population. C\u2019est un travail essentiel, car l\u2019adolescence est une p\u00e9riode de transition parfois difficile \u00e0 traverser, et nous sommes fiers d\u2019\u00eatre l\u2019une des seules organisations de la r\u00e9gion \u00e0 r\u00e9pondre sp\u00e9cifiquement \u00e0 leurs besoins.<\/p>\n<p>En 2013, le Centre des jeunes de Lennoxville poursuit ses efforts pour rejoindre les jeunes de notre communaut\u00e9 et est fier d\u2019offrir \u00e0 ses membres une \u00e9quipe d\u2019animation bilingue ainsi que l\u2019opportunit\u00e9 de participer \u00e0 une multitude d\u2019activit\u00e9s \u00e9ducatives et amusantes tout au long de l\u2019ann\u00e9e.[\/vc_column_text][\/vc_column][vc_column width=\u00a0\u00bb1\/3&Prime;][vc_single_image image=\u00a0\u00bb5640&Prime; img_size=\u00a0\u00bbmedium\u00a0\u00bb][\/vc_column][\/vc_row]<\/p>\n<\/div>","protected":false},"excerpt":{"rendered":"<p>[vc_row][vc_column width=\u00a0\u00bb2\/3&Prime;][vc_column_text css=\u00a0\u00bb\u00a0\u00bb] Le Centre des jeunes de Lennoxville \u2013 Un bref historique Le Centre des jeunes de Lennoxville est un organisme de bienfaisance \u00e0 but non lucratif dont l\u2019objectif principal est de r\u00e9pondre aux besoins des jeunes de notre communaut\u00e9. Notre mission est d\u2019encourager ces jeunes \u00e0 devenir des citoyens critiques, actifs et responsables,&hellip;<\/p>\n","protected":false},"author":1,"featured_media":0,"parent":0,"menu_order":0,"comment_status":"closed","ping_status":"closed","template":"","meta":{"ngg_post_thumbnail":0,"footnotes":""},"class_list":["post-5928","page","type-page","status-publish","hentry","description-off"],"_links":{"self":[{"href":"https:\/\/lennoxvilleyouthcenter.org\/fr\/wp-json\/wp\/v2\/pages\/5928","targetHints":{"allow":["GET"]}}],"collection":[{"href":"https:\/\/lennoxvilleyouthcenter.org\/fr\/wp-json\/wp\/v2\/pages"}],"about":[{"href":"https:\/\/lennoxvilleyouthcenter.org\/fr\/wp-json\/wp\/v2\/types\/page"}],"author":[{"embeddable":true,"href":"https:\/\/lennoxvilleyouthcenter.org\/fr\/wp-json\/wp\/v2\/users\/1"}],"replies":[{"embeddable":true,"href":"https:\/\/lennoxvilleyouthcenter.org\/fr\/wp-json\/wp\/v2\/comments?post=5928"}],"version-history":[{"count":2,"href":"https:\/\/lennoxvilleyouthcenter.org\/fr\/wp-json\/wp\/v2\/pages\/5928\/revisions"}],"predecessor-version":[{"id":5994,"href":"https:\/\/lennoxvilleyouthcenter.org\/fr\/wp-json\/wp\/v2\/pages\/5928\/revisions\/5994"}],"wp:attachment":[{"href":"https:\/\/lennoxvilleyouthcenter.org\/fr\/wp-json\/wp\/v2\/media?parent=5928"}],"curies":[{"name":"wp","href":"https:\/\/api.w.org\/{rel}","templated":true}]}}