{"id":5931,"date":"2023-05-31T13:24:14","date_gmt":"2023-05-31T18:24:14","guid":{"rendered":"https:\/\/lennoxvilleyouthcenter.org\/mission\/"},"modified":"2025-04-17T20:57:45","modified_gmt":"2025-04-18T01:57:45","slug":"mission","status":"publish","type":"page","link":"https:\/\/lennoxvilleyouthcenter.org\/fr\/mission\/","title":{"rendered":"Mission"},"content":{"rendered":"<div class=\"wpb-content-wrapper\"><p>[vc_row css=\u00a0\u00bb.vc_custom_1685725681651{padding-bottom: 30px !important;}\u00a0\u00bb][vc_column width=\u00a0\u00bb2\/3&Prime;][vc_column_text css=\u00a0\u00bb\u00a0\u00bb]Le Centre des jeunes de Lennoxville est une association de jeunes et d\u2019adultes qui se sont donn\u00e9 pour mission d\u2019offrir un lieu de rencontre structur\u00e9 o\u00f9 les adolescents \u00e2g\u00e9s de 12 \u00e0 17 ans peuvent \u00e9tablir des contacts significatifs avec des adultes et travailler \u00e0 devenir des citoyens critiques, actifs et responsables.[\/vc_column_text][\/vc_column][vc_column width=\u00a0\u00bb1\/3&Prime;][vc_single_image image=\u00a0\u00bb5640&Prime; img_size=\u00a0\u00bbmedium\u00a0\u00bb alignment=\u00a0\u00bbcenter\u00a0\u00bb][\/vc_column][\/vc_row]<\/p>\n<\/div>","protected":false},"excerpt":{"rendered":"<p>[vc_row css=\u00a0\u00bb.vc_custom_1685725681651{padding-bottom: 30px !important;}\u00a0\u00bb][vc_column width=\u00a0\u00bb2\/3&Prime;][vc_column_text css=\u00a0\u00bb\u00a0\u00bb]Le Centre des jeunes de Lennoxville est une association de jeunes et d\u2019adultes qui se sont donn\u00e9 pour mission d\u2019offrir un lieu de rencontre structur\u00e9 o\u00f9 les adolescents \u00e2g\u00e9s de 12 \u00e0 17 ans peuvent \u00e9tablir des contacts significatifs avec des adultes et travailler \u00e0 devenir des citoyens critiques, actifs&hellip;<\/p>\n","protected":false},"author":1,"featured_media":0,"parent":0,"menu_order":0,"comment_status":"closed","ping_status":"closed","template":"","meta":{"ngg_post_thumbnail":0,"footnotes":""},"class_list":["post-5931","page","type-page","status-publish","hentry","description-off"],"_links":{"self":[{"href":"https:\/\/lennoxvilleyouthcenter.org\/fr\/wp-json\/wp\/v2\/pages\/5931","targetHints":{"allow":["GET"]}}],"collection":[{"href":"https:\/\/lennoxvilleyouthcenter.org\/fr\/wp-json\/wp\/v2\/pages"}],"about":[{"href":"https:\/\/lennoxvilleyouthcenter.org\/fr\/wp-json\/wp\/v2\/types\/page"}],"author":[{"embeddable":true,"href":"https:\/\/lennoxvilleyouthcenter.org\/fr\/wp-json\/wp\/v2\/users\/1"}],"replies":[{"embeddable":true,"href":"https:\/\/lennoxvilleyouthcenter.org\/fr\/wp-json\/wp\/v2\/comments?post=5931"}],"version-history":[{"count":2,"href":"https:\/\/lennoxvilleyouthcenter.org\/fr\/wp-json\/wp\/v2\/pages\/5931\/revisions"}],"predecessor-version":[{"id":5992,"href":"https:\/\/lennoxvilleyouthcenter.org\/fr\/wp-json\/wp\/v2\/pages\/5931\/revisions\/5992"}],"wp:attachment":[{"href":"https:\/\/lennoxvilleyouthcenter.org\/fr\/wp-json\/wp\/v2\/media?parent=5931"}],"curies":[{"name":"wp","href":"https:\/\/api.w.org\/{rel}","templated":true}]}}