{"id":5935,"date":"2023-05-31T12:03:05","date_gmt":"2023-05-31T17:03:05","guid":{"rendered":"https:\/\/lennoxvilleyouthcenter.org\/photo-albums\/"},"modified":"2025-04-17T20:12:29","modified_gmt":"2025-04-18T01:12:29","slug":"photo-albums","status":"publish","type":"page","link":"https:\/\/lennoxvilleyouthcenter.org\/fr\/photo-albums\/","title":{"rendered":"Photo Albums"},"content":{"rendered":"<p>ngg_shortcode_0_placeholderngg_shortcode_1_placeholder<\/p>\n","protected":false},"excerpt":{"rendered":"<p>Granby Zoo | Zoo de Granby 2022 45&nbsp;Photos Lac des Nations 2022 21&nbsp;Photos Summer | \u00c9t\u00e9 2022 47&nbsp;Photos Friendship Day | Journ\u00e9e de l\u2019amiti\u00e9e 2010 9&nbsp;Photos Ottawa 2011 4&nbsp;Photos Lasagna Dinner | Diner Lasagne 37&nbsp;Photos New Orleans 2013 136&nbsp;Photos<\/p>\n","protected":false},"author":1,"featured_media":0,"parent":0,"menu_order":0,"comment_status":"closed","ping_status":"closed","template":"","meta":{"ngg_post_thumbnail":0,"footnotes":""},"class_list":["post-5935","page","type-page","status-publish","hentry","description-off"],"_links":{"self":[{"href":"https:\/\/lennoxvilleyouthcenter.org\/fr\/wp-json\/wp\/v2\/pages\/5935","targetHints":{"allow":["GET"]}}],"collection":[{"href":"https:\/\/lennoxvilleyouthcenter.org\/fr\/wp-json\/wp\/v2\/pages"}],"about":[{"href":"https:\/\/lennoxvilleyouthcenter.org\/fr\/wp-json\/wp\/v2\/types\/page"}],"author":[{"embeddable":true,"href":"https:\/\/lennoxvilleyouthcenter.org\/fr\/wp-json\/wp\/v2\/users\/1"}],"replies":[{"embeddable":true,"href":"https:\/\/lennoxvilleyouthcenter.org\/fr\/wp-json\/wp\/v2\/comments?post=5935"}],"version-history":[{"count":1,"href":"https:\/\/lennoxvilleyouthcenter.org\/fr\/wp-json\/wp\/v2\/pages\/5935\/revisions"}],"predecessor-version":[{"id":5936,"href":"https:\/\/lennoxvilleyouthcenter.org\/fr\/wp-json\/wp\/v2\/pages\/5935\/revisions\/5936"}],"wp:attachment":[{"href":"https:\/\/lennoxvilleyouthcenter.org\/fr\/wp-json\/wp\/v2\/media?parent=5935"}],"curies":[{"name":"wp","href":"https:\/\/api.w.org\/{rel}","templated":true}]}}