{"id":5944,"date":"2010-02-02T14:36:01","date_gmt":"2010-02-02T14:36:01","guid":{"rendered":"https:\/\/lennoxvilleyouthcenter.org\/resources\/"},"modified":"2025-04-17T21:31:02","modified_gmt":"2025-04-18T02:31:02","slug":"ressources-2","status":"publish","type":"page","link":"https:\/\/lennoxvilleyouthcenter.org\/fr\/ressources-2\/","title":{"rendered":"Ressources"},"content":{"rendered":"<div class=\"wpb-content-wrapper\"><p>[vc_row][vc_column width=\u00a0\u00bb2\/3&Prime;]<div class=\"standard-arrow bullet-top\"><p>Le Centre des jeunes de Lennoxville offre \u00e0 ses membres une large gamme de ressources informatives et \u00e9ducatives. Ces ressources sont disponibles gratuitement et couvrent des sujets incluant, mais sans s&rsquo;y limiter : <strong>les opportunit\u00e9s d&#8217;emploi, les drogues et l&rsquo;alcool, l&rsquo;orientation sexuelle et l&rsquo;identit\u00e9, les abus, les IST, l&rsquo;alphab\u00e9tisation et l&rsquo;intimidation.<\/strong><\/p>\n<p>Il existe \u00e9galement d&rsquo;excellentes ressources disponibles sur Internet:<!-- \/wp:post-content -->&nbsp;<\/p>\n<p><!-- wp:list --><\/p>\n<ul>\n<li><a href=\"http:\/\/teenshealth.org\/teen\/\" target=\"_blank\" rel=\"noopener noreferrer\">TeensHealth.org<\/a><\/li>\n<li><a href=\"http:\/\/www.bullying.org\" target=\"_blank\" rel=\"noopener noreferrer\">Bullying.org<\/a><\/li>\n<li><a href=\"http:\/\/www.twloha.com\/vision\/\" target=\"_blank\" rel=\"noopener noreferrer\">Twloha.com<\/a><\/li>\n<li><a href=\"http:\/\/www.emploietudiant.qc.ca\" target=\"_blank\" rel=\"noopener noreferrer\">Emploi Etudiant<\/a><\/li>\n<li><a href=\"http:\/\/jevi.qc.ca\/\" target=\"_blank\" rel=\"noopener noreferrer\">JEVI<\/a><\/li>\n<li><a href=\"http:\/\/gaiecoute.org\" target=\"_blank\" rel=\"noopener noreferrer\">Gai Ecoute<\/a><\/li>\n<li><a href=\"https:\/\/www.therecoveryvillage.com\/teen-addiction\/\" target=\"_blank\" rel=\"noreferrer noopener\">The Recovery Village<\/a><\/li>\n<li><a href=\"https:\/\/kidshelpphone.ca\/need-help-now-text-us\/\">Kids Help Phone<\/a><\/li>\n<li><a href=\"http:\/\/www.calacsestrie.com\/?lang=en\">CALACS Agression Estrie<\/a><\/li>\n<li><a href=\"https:\/\/sosgrossesse.ca\/fr\">sos grossesse<\/a><\/li>\n<li><a href=\"http:\/\/cje-sherbrooke.qc.ca\/\">Carrefour jeunesse-emploi<\/a><\/li>\n<\/ul>\n<\/div>[\/vc_column][vc_column width=\u00a0\u00bb1\/3&Prime;][vc_single_image image=\u00a0\u00bb5718&Prime; img_size=\u00a0\u00bblarge\u00a0\u00bb][\/vc_column][\/vc_row]<\/p><\/div>","protected":false},"excerpt":{"rendered":"<p>[vc_row][vc_column width=\u00a0\u00bb2\/3&Prime;][\/vc_column][vc_column width=\u00a0\u00bb1\/3&Prime;][vc_single_image image=\u00a0\u00bb5718&Prime; img_size=\u00a0\u00bblarge\u00a0\u00bb][\/vc_column][\/vc_row]<\/p>\n","protected":false},"author":1,"featured_media":0,"parent":0,"menu_order":0,"comment_status":"closed","ping_status":"open","template":"","meta":{"ngg_post_thumbnail":0,"footnotes":""},"class_list":["post-5944","page","type-page","status-publish","hentry","description-off"],"_links":{"self":[{"href":"https:\/\/lennoxvilleyouthcenter.org\/fr\/wp-json\/wp\/v2\/pages\/5944","targetHints":{"allow":["GET"]}}],"collection":[{"href":"https:\/\/lennoxvilleyouthcenter.org\/fr\/wp-json\/wp\/v2\/pages"}],"about":[{"href":"https:\/\/lennoxvilleyouthcenter.org\/fr\/wp-json\/wp\/v2\/types\/page"}],"author":[{"embeddable":true,"href":"https:\/\/lennoxvilleyouthcenter.org\/fr\/wp-json\/wp\/v2\/users\/1"}],"replies":[{"embeddable":true,"href":"https:\/\/lennoxvilleyouthcenter.org\/fr\/wp-json\/wp\/v2\/comments?post=5944"}],"version-history":[{"count":2,"href":"https:\/\/lennoxvilleyouthcenter.org\/fr\/wp-json\/wp\/v2\/pages\/5944\/revisions"}],"predecessor-version":[{"id":6046,"href":"https:\/\/lennoxvilleyouthcenter.org\/fr\/wp-json\/wp\/v2\/pages\/5944\/revisions\/6046"}],"wp:attachment":[{"href":"https:\/\/lennoxvilleyouthcenter.org\/fr\/wp-json\/wp\/v2\/media?parent=5944"}],"curies":[{"name":"wp","href":"https:\/\/api.w.org\/{rel}","templated":true}]}}