{"id":5952,"date":"2023-05-31T13:25:45","date_gmt":"2023-05-31T18:25:45","guid":{"rendered":"https:\/\/lennoxvilleyouthcenter.org\/teen-activity-committee-t-a-c\/"},"modified":"2025-04-17T21:08:11","modified_gmt":"2025-04-18T02:08:11","slug":"committee-dactivite-jeunesse","status":"publish","type":"page","link":"https:\/\/lennoxvilleyouthcenter.org\/fr\/committee-dactivite-jeunesse\/","title":{"rendered":"Committ\u00e9e d\u2019activit\u00e9 jeunesse (T.A.C.)"},"content":{"rendered":"<div class=\"wpb-content-wrapper\"><p>[vc_row][vc_column width=\u00a0\u00bb2\/3&Prime;]<div class=\"standard-number-list bullet-top\"><p>&nbsp;<\/p>\n<p>Le C.A.T. (Comit\u00e9 d\u2019Activit\u00e9s du Centre) est un comit\u00e9 responsable de la planification des activit\u00e9s et des \u00e9v\u00e9nements d\u2019int\u00e9r\u00eat pour les membres du Centre des jeunes. Ses membres agissent en tant que repr\u00e9sentants de l\u2019ensemble des jeunes, leur r\u00f4le \u00e9tant d\u2019\u00e9couter les opinions et les id\u00e9es des membres concernant les activit\u00e9s qu\u2019ils souhaitent organiser au Centre.<\/p>\n<p>Le mandat du Centre des jeunes comprend trois domaines sp\u00e9cifiques \u00e0 d\u00e9velopper :<\/p>\n<ol>\n<li>\u00c9ducatif : Ce volet inclut tous les ateliers ou \u00e9v\u00e9nements abordant un th\u00e8me ou une id\u00e9e sp\u00e9cifique. Le r\u00f4le du C.A.T. est d\u2019identifier les besoins des membres et de proposer des ateliers ou activit\u00e9s r\u00e9pondant \u00e0 ces besoins.<\/li>\n<li>Loisirs : Ce volet concerne toutes les activit\u00e9s et sorties visant le plaisir en groupe, comme les sports organis\u00e9s, les jeux, les sorties de groupe, etc. Le r\u00f4le du C.A.T. est de sonder les envies des membres et d\u2019aider \u00e0 organiser ces activit\u00e9s. Il doit \u00e9galement planifier des collectes de fonds, fixer des objectifs financiers et s\u2019assurer que les membres sont inform\u00e9s de la situation financi\u00e8re du Centre.<\/li>\n<li>Engagement communautaire : Ce volet regroupe les activit\u00e9s et \u00e9v\u00e9nements visant \u00e0 renforcer l\u2019implication des membres dans la communaut\u00e9 (par exemple, notre participation au d\u00e9fil\u00e9 de la Journ\u00e9e de l\u2019Amiti\u00e9) ou \u00e0 accro\u00eetre la visibilit\u00e9 du Centre des jeunes aupr\u00e8s de la communaut\u00e9 (comme l\u2019organisation d\u2019une journ\u00e9e portes ouvertes). Le r\u00f4le du C.A.T. est d\u2019encourager la participation g\u00e9n\u00e9rale \u00e0 ces activit\u00e9s et d\u2019informer les membres sur les diff\u00e9rentes fa\u00e7ons de contribuer \u00e0 la vie communautaire.<\/li>\n<\/ol>\n<p>Le C.A.T. est compos\u00e9 de 5 \u00e0 7 membres \u00e9lus par les jeunes membres du Centre.<\/p>\n<p>&nbsp;<\/p>\n<\/div>[\/vc_column][vc_column width=\u00a0\u00bb1\/3&Prime;][vc_single_image image=\u00a0\u00bb5678&Prime; img_size=\u00a0\u00bblarge\u00a0\u00bb][\/vc_column][\/vc_row]<\/p>\n<\/div>","protected":false},"excerpt":{"rendered":"<p>[vc_row][vc_column width=\u00a0\u00bb2\/3&Prime;][\/vc_column][vc_column width=\u00a0\u00bb1\/3&Prime;][vc_single_image image=\u00a0\u00bb5678&Prime; img_size=\u00a0\u00bblarge\u00a0\u00bb][\/vc_column][\/vc_row]<\/p>\n","protected":false},"author":1,"featured_media":0,"parent":0,"menu_order":0,"comment_status":"closed","ping_status":"closed","template":"","meta":{"ngg_post_thumbnail":0,"footnotes":""},"class_list":["post-5952","page","type-page","status-publish","hentry","description-off"],"_links":{"self":[{"href":"https:\/\/lennoxvilleyouthcenter.org\/fr\/wp-json\/wp\/v2\/pages\/5952","targetHints":{"allow":["GET"]}}],"collection":[{"href":"https:\/\/lennoxvilleyouthcenter.org\/fr\/wp-json\/wp\/v2\/pages"}],"about":[{"href":"https:\/\/lennoxvilleyouthcenter.org\/fr\/wp-json\/wp\/v2\/types\/page"}],"author":[{"embeddable":true,"href":"https:\/\/lennoxvilleyouthcenter.org\/fr\/wp-json\/wp\/v2\/users\/1"}],"replies":[{"embeddable":true,"href":"https:\/\/lennoxvilleyouthcenter.org\/fr\/wp-json\/wp\/v2\/comments?post=5952"}],"version-history":[{"count":4,"href":"https:\/\/lennoxvilleyouthcenter.org\/fr\/wp-json\/wp\/v2\/pages\/5952\/revisions"}],"predecessor-version":[{"id":5997,"href":"https:\/\/lennoxvilleyouthcenter.org\/fr\/wp-json\/wp\/v2\/pages\/5952\/revisions\/5997"}],"wp:attachment":[{"href":"https:\/\/lennoxvilleyouthcenter.org\/fr\/wp-json\/wp\/v2\/media?parent=5952"}],"curies":[{"name":"wp","href":"https:\/\/api.w.org\/{rel}","templated":true}]}}