{"id":5968,"date":"2010-02-25T20:27:18","date_gmt":"2010-02-25T20:27:18","guid":{"rendered":"https:\/\/lennoxvilleyouthcenter.org\/donate\/"},"modified":"2025-04-22T09:04:21","modified_gmt":"2025-04-22T14:04:21","slug":"dons","status":"publish","type":"page","link":"https:\/\/lennoxvilleyouthcenter.org\/fr\/dons\/","title":{"rendered":"Dons"},"content":{"rendered":"<div class=\"wpb-content-wrapper\"><p>[vc_row][vc_column width=\u00a0\u00bb2\/3&Prime;][vc_column_text css=\u00a0\u00bb\u00a0\u00bb]<\/p>\r\n<p><strong>Si vous souhaitez aider les jeunes \u00e2g\u00e9s de 12 \u00e0 17 ans de la communaut\u00e9 de Lennoxville \u00e0 apprendre comment devenir des citoyens actifs, critiques et responsables, faites un don au Fonds d\u2019activit\u00e9 du Comit\u00e9 d\u2019Activit\u00e9s pour les Adolescents et soutenez le projet du Centre des jeunes !&nbsp;<\/strong><\/p>\r\n\r\n<p><strong>Le Centre des jeunes de Lennoxville est un organisme de charit\u00e9 enregistr\u00e9 et vos dons aident \u00e0 offrir \u00e0 nos membres des opportunit\u00e9s de passer un bon moment tout en contribuant positivement \u00e0 leur communaut\u00e9.&nbsp; <\/strong><\/p>\r\n\r\n<p><strong>Des re\u00e7us fiscaux seront \u00e9mis pour les dons sup\u00e9rieurs \u00e0 10 $.<\/strong><\/p>\r\n\r\n<p>Num\u00e9ro d\u2019enregistrement fiscal : #12051 4229 RR0001 Centre des Jeunes de Lennoxville<\/p>\r\n\r\n<p>Les informations personnelles que vous fournissez lors de toute communication avec nous sont utilis\u00e9es uniquement pour traiter vos dons, conserver un registre des contributions et vous tenir inform\u00e9(e) de nos initiatives de collecte de fonds. Le Centre des Jeunes de Lennoxville ne vend, ne n\u00e9gocie ni ne loue vos informations personnelles<\/p>\r\n\r\n<p>Si \u00e0 tout moment vous ne souhaitez plus \u00eatre contact\u00e9 par le Centre des Jeunes de Lennoxville, veuillez nous contacter au 819-821-4805 or <a href=\"mailto:dg@lennoxvilleyouthcenter.org\" target=\"_blank\" rel=\"noreferrer noopener\">dg@lennoxvilleyouthcenter.org<\/a>.<\/p>\r\n\r\n<p>&nbsp;<\/p>\r\n\r\n<p>&nbsp;<\/p>\r\n<p>[\/vc_column_text][\/vc_column][vc_column width=\u00a0\u00bb1\/3&Prime;][vc_single_image image=\u00a0\u00bb5720&Prime; img_size=\u00a0\u00bblarge\u00a0\u00bb][\/vc_column][\/vc_row][vc_row css=\u00a0\u00bb.vc_custom_1686013079930{padding-top: 50px !important;}\u00a0\u00bb][vc_column][vc_column_text css=\u00a0\u00bb\u00a0\u00bb]<\/p>\r\n<p style=\"text-align: center;\"><span style=\"font-size: 18pt;\">Veuillez utiliser le formulaire ci-dessous pour faire un don via notre partenaire, <a href=\"https:\/\/www.canadahelps.org\">CanadaHelps<\/a>.<\/span><\/p>\r\n<p>[\/vc_column_text][vc_raw_html]JTNDc2NyaXB0JTIwaWQlM0QlMjJjaF9jZG5fZW1iZWQlMjIlMjB0eXBlJTNEJTIydGV4dCUyRmphdmFzY3JpcHQlMjIlMjBzcmMlM0QlMjJodHRwcyUzQSUyRiUyRnd3dy5jYW5hZGFoZWxwcy5vcmclMkZzZWN1cmUlMkZqcyUyRmNkZl9lbWJlZC4yLmpzJTIyJTIwY2hhclNldCUzRCUyMnV0Zi04JTIyJTIwZGF0YS1sYW5ndWFnZSUzRCUyMmVuJTIyJTIwZGF0YS1wYWdlLWlkJTNEJTIyNTI1MiUyMiUyMGRhdGEtcm9vdC11cmwlM0QlMjJodHRwcyUzQSUyRiUyRnd3dy5jYW5hZGFoZWxwcy5vcmclMjIlMjBkYXRhLWZvcm10eXBlJTNEJTIyMCUyMiUyMGRhdGEtY2Zhc3luYyUzRCUyMmZhbHNlJTIyJTNFJTNDJTJGc2NyaXB0JTNF[\/vc_raw_html][\/vc_column][\/vc_row]<\/p><\/div>","protected":false},"excerpt":{"rendered":"<p>[vc_row][vc_column width=\u00a0\u00bb2\/3&Prime;][vc_column_text css=\u00a0\u00bb\u00a0\u00bb] Si vous souhaitez aider les jeunes \u00e2g\u00e9s de 12 \u00e0 17 ans de la communaut\u00e9 de Lennoxville \u00e0 apprendre comment devenir des citoyens actifs, critiques et responsables, faites un don au Fonds d\u2019activit\u00e9 du Comit\u00e9 d\u2019Activit\u00e9s pour les Adolescents et soutenez le projet du Centre des jeunes !&nbsp; Le Centre des jeunes&hellip;<\/p>\n","protected":false},"author":1,"featured_media":0,"parent":0,"menu_order":5,"comment_status":"closed","ping_status":"closed","template":"","meta":{"ngg_post_thumbnail":0,"footnotes":""},"class_list":["post-5968","page","type-page","status-publish","hentry","description-off"],"_links":{"self":[{"href":"https:\/\/lennoxvilleyouthcenter.org\/fr\/wp-json\/wp\/v2\/pages\/5968","targetHints":{"allow":["GET"]}}],"collection":[{"href":"https:\/\/lennoxvilleyouthcenter.org\/fr\/wp-json\/wp\/v2\/pages"}],"about":[{"href":"https:\/\/lennoxvilleyouthcenter.org\/fr\/wp-json\/wp\/v2\/types\/page"}],"author":[{"embeddable":true,"href":"https:\/\/lennoxvilleyouthcenter.org\/fr\/wp-json\/wp\/v2\/users\/1"}],"replies":[{"embeddable":true,"href":"https:\/\/lennoxvilleyouthcenter.org\/fr\/wp-json\/wp\/v2\/comments?post=5968"}],"version-history":[{"count":3,"href":"https:\/\/lennoxvilleyouthcenter.org\/fr\/wp-json\/wp\/v2\/pages\/5968\/revisions"}],"predecessor-version":[{"id":6056,"href":"https:\/\/lennoxvilleyouthcenter.org\/fr\/wp-json\/wp\/v2\/pages\/5968\/revisions\/6056"}],"wp:attachment":[{"href":"https:\/\/lennoxvilleyouthcenter.org\/fr\/wp-json\/wp\/v2\/media?parent=5968"}],"curies":[{"name":"wp","href":"https:\/\/api.w.org\/{rel}","templated":true}]}}